{"id":201,"date":"2015-04-03T14:07:56","date_gmt":"2015-04-03T14:07:56","guid":{"rendered":"http:\/\/thetropical-lhvr.com\/wordpress\/kosher-program-2\/"},"modified":"2015-05-15T15:27:29","modified_gmt":"2015-05-15T15:27:29","slug":"programa-kosher","status":"publish","type":"page","link":"https:\/\/thetropical-lhvr.com\/es\/programa-kosher\/","title":{"rendered":"Programa Kosher"},"content":{"rendered":"<p>[vc_row css=\u00bb.vc_custom_1431703390703{margin-top: 50px !important;}\u00bb][vc_column width=\u00bb1\/4&#8243;][vc_column_text el_class=\u00bbtransparent\u00bb]<img loading=\"lazy\" decoding=\"async\" class=\"alignnone  wp-image-369\" src=\"http:\/\/thetropical-lhvr.com\/wordpress\/wp-content\/uploads\/2015\/04\/Kosher_Approved_logo-ES.png\" alt=\"Kosher_Approved_logo-ES\" width=\"252\" height=\"126\" srcset=\"https:\/\/thetropical-lhvr.com\/wp-content\/uploads\/2015\/04\/Kosher_Approved_logo-ES.png 300w, https:\/\/thetropical-lhvr.com\/wp-content\/uploads\/2015\/04\/Kosher_Approved_logo-ES-200x100.png 200w, https:\/\/thetropical-lhvr.com\/wp-content\/uploads\/2015\/04\/Kosher_Approved_logo-ES-100x50.png 100w\" sizes=\"auto, (max-width: 252px) 100vw, 252px\" \/>[\/vc_column_text][\/vc_column][vc_column width=\u00bb3\/4&#8243;][vc_row_inner][vc_column_inner width=\u00bb1\/1&#8243;][\/vc_column_inner][\/vc_row_inner][vc_column_text el_class=\u00bbtransparent\u00bb]<\/p>\n<h4>\u00a1NOTICAS EMOCIONANTES DE LIFESTYE HOLIDAYS VACATION CLUB PARA SUS SOCIOS, SUS AMIGOS Y SU FAMILIA!<\/h4>\n<p>[\/vc_column_text][vc_separator color=\u00bbgrey\u00bb][\/vc_column][\/vc_row][vc_row][vc_column width=\u00bb1\/1&#8243;][vc_column_text el_class=\u00bbtransparent\u00bb]<\/p>\n<h5>\u00a1UNA VEZ M\u00c1S, LHVC ABRE NUEVOS CAMINOS AL PROVEER A LOS SOCIOS CON UNA NUEVA OPCI\u00d3N VACACIONAL KOSHER!<\/h5>\n<p>[\/vc_column_text][\/vc_column][\/vc_row][vc_row][vc_column width=\u00bb1\/1&#8243;][vc_column_text el_class=\u00bbtransparent\u00bb]<img loading=\"lazy\" decoding=\"async\" class=\"alignleft size-full wp-image-66\" src=\"http:\/\/thetropical-lhvr.com\/wordpress\/wp-content\/uploads\/2015\/04\/rabbi-gornish.jpg\" alt=\"rabbi-gornish\" width=\"150\" height=\"150\" srcset=\"https:\/\/thetropical-lhvr.com\/wp-content\/uploads\/2015\/04\/rabbi-gornish.jpg 150w, https:\/\/thetropical-lhvr.com\/wp-content\/uploads\/2015\/04\/rabbi-gornish-100x100.jpg 100w\" sizes=\"auto, (max-width: 150px) 100vw, 150px\" \/>LHVR ha sido distinguido con la prestigiosa <a href=\"http:\/\/lifestyleholidaysvc.com\/wordpress_downloads\/Kosher_Certificate_2015.pdf\" target=\"_blank\">Certificaci\u00f3n OK Kosher<\/a> uno de los s\u00edmbolos de mayor renombre de aprobaci\u00f3n kosher en esta era de alta demanda por la comida kosher. Esta inversi\u00f3n y adici\u00f3n se llev\u00f3 a cabo con el fin de proveer una Experiencia Vacacional Lifestyle para los socios y hu\u00e9spedes que siguen un r\u00e9gimen Kosher. Establecida en el a\u00f1o de 1935, la Certificaci\u00f3n OK Kosher es uno de los s\u00edmbolos de certificaci\u00f3n kosher.m\u00e1s respetados en el mundo.<\/p>\n<p><a href=\"http:\/\/lifestyleholidaysvc.com\/wordpress_downloads\/FactSheet-Kosher-SPA.pdf\" target=\"_blank\">HOJA DE DATOS<\/a>[\/vc_column_text][\/vc_column][\/vc_row][vc_row css=\u00bb.vc_custom_1416500451207{padding: 20px !important;background-color: #313233 !important;}\u00bb][vc_column width=\u00bb1\/1&#8243;][vc_column_text el_class=\u00bbtransparent\u00bb]<img loading=\"lazy\" decoding=\"async\" class=\"alignright size-full wp-image-682\" src=\"http:\/\/thetropical-lhvr.com\/wordpress\/wp-content\/uploads\/2015\/05\/rabbi-levy.jpg\" alt=\"rabbi-levy\" width=\"150\" height=\"150\" srcset=\"https:\/\/thetropical-lhvr.com\/wp-content\/uploads\/2015\/05\/rabbi-levy.jpg 150w, https:\/\/thetropical-lhvr.com\/wp-content\/uploads\/2015\/05\/rabbi-levy-100x100.jpg 100w\" sizes=\"auto, (max-width: 150px) 100vw, 150px\" \/>La experiencia vacacional kosher durante todo el a\u00f1o de Lifestyle ofrece una cocina kosher, un restaurante kosher, una sinagoga, servicios de rabino y un ambiente de villa kosher bajo solicitud. La operaci\u00f3n del restaurante kosher estar\u00e1 bajo la estricta supervisi\u00f3n de los rabinos ortodoxos de OK Kosher, Don Yoel Levy e Israel Levin, siguiendo la Ley Jud\u00eda Diet\u00e9tica Kashrush de comida kosher Glatt, Cholov Yisroel y Pas Yisroel. Se ofrecer\u00e1n una variedad de platos de men\u00fa internacional, sefarditas y ashkenazitas.[\/vc_column_text][\/vc_column][\/vc_row][vc_row][vc_column width=\u00bb1\/1&#8243;][vc_column_text]<\/p>\n<h4>Lifestyle Holidays Vacation Resort Nombra un Rabino para Supervisar Su Experiencia Vacacional Kosher Durante Todo el A\u00f1o<\/h4>\n<p>[\/vc_column_text][vc_column_text el_class=\u00bbtransparent\u00bb]<img loading=\"lazy\" decoding=\"async\" class=\"alignleft size-full wp-image-683\" src=\"http:\/\/thetropical-lhvr.com\/wordpress\/wp-content\/uploads\/2015\/05\/rabbi-Levin.jpg\" alt=\"rabbi-Levin\" width=\"150\" height=\"150\" srcset=\"https:\/\/thetropical-lhvr.com\/wp-content\/uploads\/2015\/05\/rabbi-Levin.jpg 150w, https:\/\/thetropical-lhvr.com\/wp-content\/uploads\/2015\/05\/rabbi-Levin-100x100.jpg 100w\" sizes=\"auto, (max-width: 150px) 100vw, 150px\" \/>Israel Levin, Mashgiach Kashrut, ha sido nombrado rabino residente en Lifestyle\u00a0 Holidays Vacation Resort en Puerto Plata, Republica Dominicana, para supervisar\u00a0la experiencia Vacacional Kosher que Lifestyle brinda durante todo el a\u00f1o, la cual ofrece cocina kosher, restaurante con buffet kosher y men\u00fa a la carta, una sinagoga ortodoxa, servicios de rabino y un ambiente planificado de villa kosher<\/p>\n<p>Israel Levin se gradu\u00f3 en el 2000 de la Universidad de Tel Aviv con un grado en ciencias de la computaci\u00f3n y mantenimiento de computadores. Domina en ingl\u00e9s, el hebreo y el yiddish. Su experiencia laboral incluye experiencia como mashgiach para restaurantes de cocina kosher en Miami y en Hollywood, \u00a0y como como contador, administrador de oficinas y ejecutivo de ventas para compa\u00f1\u00edas de bienes ra\u00edces, electrodom\u00e9sticos\u00a0 y joyer\u00edas tanto en Israel como en los Estados Unidos.<\/p>\n<p>Lifestyle Holidays ha sido distinguido con la prestigiosa\u00a0Certificaci\u00f3n OK Kosher\u00a0uno de los s\u00edmbolos de mayor renombre a nivel mundial de aprobaci\u00f3n kosher en esta era de alta demanda por la comida kosher.[\/vc_column_text][\/vc_column][\/vc_row]<\/p>\n","protected":false},"excerpt":{"rendered":"<p>[vc_row css=\u00bb.vc_custom_1431703390703{margin-top: 50px !important;}\u00bb][vc_column width=\u00bb1\/4&#8243;][vc_column_text el_class=\u00bbtransparent\u00bb][\/vc_column_text][\/vc_column][vc_column width=\u00bb3\/4&#8243;][vc_row_inner][vc_column_inner width=\u00bb1\/1&#8243;][\/vc_column_inner][\/vc_row_inner][vc_column_text el_class=\u00bbtransparent\u00bb] \u00a1NOTICAS EMOCIONANTES DE LIFESTYE HOLIDAYS VACATION CLUB PARA SUS SOCIOS, SUS AMIGOS Y SU FAMILIA! [\/vc_column_text][vc_separator color=\u00bbgrey\u00bb][\/vc_column][\/vc_row][vc_row][vc_column width=\u00bb1\/1&#8243;][vc_column_text el_class=\u00bbtransparent\u00bb] \u00a1UNA VEZ M\u00c1S, LHVC ABRE NUEVOS CAMINOS&#8230;<\/p>\n","protected":false},"author":1,"featured_media":0,"parent":0,"menu_order":0,"comment_status":"closed","ping_status":"closed","template":"","meta":[],"class_list":["post-201","page","type-page","status-publish","hentry"],"_links":{"self":[{"href":"https:\/\/thetropical-lhvr.com\/es\/wp-json\/wp\/v2\/pages\/201","targetHints":{"allow":["GET"]}}],"collection":[{"href":"https:\/\/thetropical-lhvr.com\/es\/wp-json\/wp\/v2\/pages"}],"about":[{"href":"https:\/\/thetropical-lhvr.com\/es\/wp-json\/wp\/v2\/types\/page"}],"author":[{"embeddable":true,"href":"https:\/\/thetropical-lhvr.com\/es\/wp-json\/wp\/v2\/users\/1"}],"replies":[{"embeddable":true,"href":"https:\/\/thetropical-lhvr.com\/es\/wp-json\/wp\/v2\/comments?post=201"}],"version-history":[{"count":1,"href":"https:\/\/thetropical-lhvr.com\/es\/wp-json\/wp\/v2\/pages\/201\/revisions"}],"predecessor-version":[{"id":685,"href":"https:\/\/thetropical-lhvr.com\/es\/wp-json\/wp\/v2\/pages\/201\/revisions\/685"}],"wp:attachment":[{"href":"https:\/\/thetropical-lhvr.com\/es\/wp-json\/wp\/v2\/media?parent=201"}],"curies":[{"name":"wp","href":"https:\/\/api.w.org\/{rel}","templated":true}]}}