{"id":238,"date":"2015-04-08T18:05:42","date_gmt":"2015-04-08T18:05:42","guid":{"rendered":"http:\/\/thetropical-lhvr.com\/wordpress\/contact-us-2\/"},"modified":"2015-04-21T15:49:33","modified_gmt":"2015-04-21T15:49:33","slug":"contactenos","status":"publish","type":"page","link":"http:\/\/thetropical-lhvr.com\/es\/contactenos\/","title":{"rendered":"Cont\u00e1ctenos"},"content":{"rendered":"<p>[vc_row][vc_column width=\u00bb1\/1&#8243;][\/vc_column][\/vc_row][vc_row][vc_column width=\u00bb1\/1&#8243;][vc_row_inner][vc_column_inner width=\u00bb1\/2&#8243;]\n<div class=\"wpcf7 no-js\" id=\"wpcf7-f449-o1\" lang=\"en-US\" dir=\"ltr\" data-wpcf7-id=\"449\">\n<div class=\"screen-reader-response\"><p role=\"status\" aria-live=\"polite\" aria-atomic=\"true\"><\/p> <ul><\/ul><\/div>\n<form action=\"\/es\/wp-json\/wp\/v2\/pages\/238#wpcf7-f449-o1\" method=\"post\" class=\"wpcf7-form init\" aria-label=\"Contact form\" novalidate=\"novalidate\" data-status=\"init\">\n<fieldset class=\"hidden-fields-container\"><input type=\"hidden\" name=\"_wpcf7\" value=\"449\" \/><input type=\"hidden\" name=\"_wpcf7_version\" value=\"6.1.5\" \/><input type=\"hidden\" name=\"_wpcf7_locale\" value=\"en_US\" \/><input type=\"hidden\" name=\"_wpcf7_unit_tag\" value=\"wpcf7-f449-o1\" \/><input type=\"hidden\" name=\"_wpcf7_container_post\" value=\"0\" \/><input type=\"hidden\" name=\"_wpcf7_posted_data_hash\" value=\"\" \/>\n<\/fieldset>\n<p>Nombre Completo:<br \/>\n<span class=\"wpcf7-form-control-wrap\" data-name=\"FullName\"><input size=\"40\" maxlength=\"400\" class=\"wpcf7-form-control wpcf7-text\" aria-invalid=\"false\" value=\"\" type=\"text\" name=\"FullName\" \/><\/span>\n<\/p>\n<p>Correo Electr\u00f3nico:<br \/>\n<span class=\"wpcf7-form-control-wrap\" data-name=\"Email\"><input size=\"40\" maxlength=\"400\" class=\"wpcf7-form-control wpcf7-email wpcf7-text wpcf7-validates-as-email\" aria-invalid=\"false\" value=\"\" type=\"email\" name=\"Email\" \/><\/span>\n<\/p>\n<p>Identificaci\u00f3n de LHVC<br \/>\n(s\u00ed por ejemplo disponible 00-0000):<br \/>\n<span class=\"wpcf7-form-control-wrap\" data-name=\"LHVCMemberIDifavailablee_g_00-0000\"><input size=\"40\" maxlength=\"400\" class=\"wpcf7-form-control wpcf7-text\" aria-invalid=\"false\" value=\"\" type=\"text\" name=\"LHVCMemberIDifavailablee_g_00-0000\" \/><\/span>\n<\/p>\n<p>\u00bfEs miembro de RCI?<br \/>\n<span class=\"wpcf7-form-control-wrap\" data-name=\"RCIMember\"><span class=\"wpcf7-form-control wpcf7-radio\"><span class=\"wpcf7-list-item first\"><input type=\"radio\" name=\"RCIMember\" value=\"S\u00ed\" \/><span class=\"wpcf7-list-item-label\">S\u00ed<\/span><\/span><span class=\"wpcf7-list-item last\"><input type=\"radio\" name=\"RCIMember\" value=\"No\" \/><span class=\"wpcf7-list-item-label\">No<\/span><\/span><\/span><\/span>\n<\/p>\n<p>N\u00famero de RCI (s\u00ed est\u00e1 disponible):<br \/>\n<span class=\"wpcf7-form-control-wrap\" data-name=\"RCINumber\"><input size=\"40\" maxlength=\"400\" class=\"wpcf7-form-control wpcf7-text\" aria-invalid=\"false\" value=\"\" type=\"text\" name=\"RCINumber\" \/><\/span>\n<\/p>\n<p>Mensaje:<br \/>\n<span class=\"wpcf7-form-control-wrap\" data-name=\"Message\"><textarea cols=\"40\" rows=\"10\" maxlength=\"2000\" class=\"wpcf7-form-control wpcf7-textarea\" aria-invalid=\"false\" name=\"Message\"><\/textarea><\/span>\n<\/p>\n<p><input class=\"wpcf7-form-control wpcf7-submit has-spinner button\" type=\"submit\" value=\"Enviar\" \/>\n<\/p><div class=\"wpcf7-response-output\" aria-hidden=\"true\"><\/div>\n<\/form>\n<\/div>\n[\/vc_column_inner][vc_column_inner width=\u00bb1\/2&#8243;][vc_column_text el_class=\u00bbtransparent\u00bb]<\/p>\n<h4><img loading=\"lazy\" decoding=\"async\" class=\"alignnone wp-image-443 size-medium\" src=\"http:\/\/the-royal-suites.com\/wp-content\/uploads\/2015\/03\/LHVC-Corp_2014-7511KO_300w-300x126.png\" alt=\"LHVC-Corp_2014-7511&amp;KO_300w\" width=\"300\" height=\"126\" \/><\/h4>\n<p>P.O. Box 608 | Columbus Plaza, Torre 1<br \/>\nPlaya Cofresi | 57000 Puerto Plata,\u00a0Dominican Republic<br \/>\n<strong>Phone<\/strong>\u00a0(809) 970-7777 |\u00a0<strong>Fax<\/strong>\u00a0(809) 970-7465[\/vc_column_text][\/vc_column_inner][\/vc_row_inner][\/vc_column][\/vc_row]<\/p>\n","protected":false},"excerpt":{"rendered":"<p>[vc_row][vc_column width=\u00bb1\/1&#8243;][\/vc_column][\/vc_row][vc_row][vc_column width=\u00bb1\/1&#8243;][vc_row_inner][vc_column_inner width=\u00bb1\/2&#8243;][\/vc_column_inner][vc_column_inner width=\u00bb1\/2&#8243;][vc_column_text el_class=\u00bbtransparent\u00bb] P.O. Box 608 | Columbus Plaza, Torre 1 Playa Cofresi | 57000 Puerto Plata,\u00a0Dominican Republic Phone\u00a0(809) 970-7777 |\u00a0Fax\u00a0(809) 970-7465[\/vc_column_text][\/vc_column_inner][\/vc_row_inner][\/vc_column][\/vc_row]<\/p>\n","protected":false},"author":1,"featured_media":0,"parent":0,"menu_order":0,"comment_status":"closed","ping_status":"closed","template":"","meta":[],"class_list":["post-238","page","type-page","status-publish","hentry"],"_links":{"self":[{"href":"http:\/\/thetropical-lhvr.com\/es\/wp-json\/wp\/v2\/pages\/238","targetHints":{"allow":["GET"]}}],"collection":[{"href":"http:\/\/thetropical-lhvr.com\/es\/wp-json\/wp\/v2\/pages"}],"about":[{"href":"http:\/\/thetropical-lhvr.com\/es\/wp-json\/wp\/v2\/types\/page"}],"author":[{"embeddable":true,"href":"http:\/\/thetropical-lhvr.com\/es\/wp-json\/wp\/v2\/users\/1"}],"replies":[{"embeddable":true,"href":"http:\/\/thetropical-lhvr.com\/es\/wp-json\/wp\/v2\/comments?post=238"}],"version-history":[{"count":2,"href":"http:\/\/thetropical-lhvr.com\/es\/wp-json\/wp\/v2\/pages\/238\/revisions"}],"predecessor-version":[{"id":452,"href":"http:\/\/thetropical-lhvr.com\/es\/wp-json\/wp\/v2\/pages\/238\/revisions\/452"}],"wp:attachment":[{"href":"http:\/\/thetropical-lhvr.com\/es\/wp-json\/wp\/v2\/media?parent=238"}],"curies":[{"name":"wp","href":"https:\/\/api.w.org\/{rel}","templated":true}]}}