{"id":206,"date":"2014-09-16T17:32:31","date_gmt":"2014-09-16T17:32:31","guid":{"rendered":"http:\/\/thetropical-lhvr.com\/wordpress\/all-inclusive-plans-2\/"},"modified":"2015-05-28T16:19:53","modified_gmt":"2015-05-28T16:19:53","slug":"luxury-all-in","status":"publish","type":"page","link":"http:\/\/thetropical-lhvr.com\/es\/luxury-all-in\/","title":{"rendered":"Luxury All-In\u2122"},"content":{"rendered":"<p>[vc_row][vc_column width=\u00bb1\/1&#8243;][vc_column_text el_class=\u00bbtransparent\u00bb]<img loading=\"lazy\" decoding=\"async\" class=\"aligncenter size-full wp-image-180\" src=\"http:\/\/thetropical-lhvr.com\/wordpress\/wp-content\/uploads\/2015\/04\/Luxury_All-In_LOGO-white.png\" alt=\"Luxury_All-In_LOGO-white\" width=\"180\" height=\"208\" srcset=\"http:\/\/thetropical-lhvr.com\/wp-content\/uploads\/2015\/04\/Luxury_All-In_LOGO-white.png 180w, http:\/\/thetropical-lhvr.com\/wp-content\/uploads\/2015\/04\/Luxury_All-In_LOGO-white-100x116.png 100w\" sizes=\"auto, (max-width: 180px) 100vw, 180px\" \/>[\/vc_column_text][\/vc_column][\/vc_row][vc_row][vc_column width=\u00bb1\/1&#8243;]  <div class=\"imageSlider\">\n  <img decoding=\"async\" src=\"http:\/\/thetropical-lhvr.com\/wp-content\/uploads\/2015\/05\/2013-Bellini-Italian_41.jpg\"><img decoding=\"async\" src=\"http:\/\/thetropical-lhvr.com\/wp-content\/uploads\/2015\/05\/2013-Blue-Lagoon_121.jpg\"><img decoding=\"async\" src=\"http:\/\/thetropical-lhvr.com\/wp-content\/uploads\/2015\/05\/2013-Casablanca51.jpg\"><img decoding=\"async\" src=\"http:\/\/thetropical-lhvr.com\/wp-content\/uploads\/2015\/05\/2014-AQUA-Bar11.jpg\"><img decoding=\"async\" src=\"http:\/\/thetropical-lhvr.com\/wp-content\/uploads\/2015\/05\/2014-Cheers_41.jpg\"><img decoding=\"async\" src=\"http:\/\/thetropical-lhvr.com\/wp-content\/uploads\/2015\/05\/2014-Indochine_051.jpg\"><img decoding=\"async\" src=\"http:\/\/thetropical-lhvr.com\/wp-content\/uploads\/2015\/05\/2014-La-Cayena11.jpg\"><img decoding=\"async\" src=\"http:\/\/thetropical-lhvr.com\/wp-content\/uploads\/2015\/05\/2014-The-Pearl_11.jpg\"><img decoding=\"async\" src=\"http:\/\/thetropical-lhvr.com\/wp-content\/uploads\/2015\/05\/2014-Trapiche-Paradise_11.jpg\"><img decoding=\"async\" src=\"http:\/\/thetropical-lhvr.com\/wp-content\/uploads\/2015\/05\/Activities-Pool-Aerobics_21.jpg\"><img decoding=\"async\" src=\"http:\/\/thetropical-lhvr.com\/wp-content\/uploads\/2015\/05\/Activities-Snorleing-ScubaDiving_201.jpg\"><img decoding=\"async\" src=\"http:\/\/thetropical-lhvr.com\/wp-content\/uploads\/2015\/05\/Activities-Volleyball_41.jpg\"><img decoding=\"async\" src=\"http:\/\/thetropical-lhvr.com\/wp-content\/uploads\/2015\/05\/AIP_Activity_G81.jpg\"><img decoding=\"async\" src=\"http:\/\/thetropical-lhvr.com\/wp-content\/uploads\/2015\/05\/GrooveFest11.jpg\"> \n    <span class=\"next\"><img decoding=\"async\" src=\"http:\/\/thetropical-lhvr.com\/wp-content\/themes\/lre\/images\/next.png\"><\/span>\n    <span class=\"prev\"><img decoding=\"async\" src=\"http:\/\/thetropical-lhvr.com\/wp-content\/themes\/lre\/images\/prev.png\"><\/span>\n    <a href=\"#\" class=\"playBtn\"><\/a>  <\/div><!-- imageSlider -->\n  <span class=\"pager\"><\/span>\n[\/vc_column][\/vc_row][vc_row][vc_column][vc_column_text el_class=\u00bbtransparent\u00bb]<\/p>\n<h2>\u00bfESTA USTED EN TODO?<\/h2>\n<p>\u00a1Este singular concepto est\u00e1 dise\u00f1ado para ofrecerle\u00a0todo lo que usted desear\u00eda que su membres\u00eda ofreciera!<\/p>\n<p>El concepto incluye: Cocina Fina, Amenidades e Instalaciones Exclusivas, Servicio Cordial y mucho m\u00e1s\u2026. \u00a1Y cuando se trata de sobrepasar expectativas, bien sabemos que esa es la raz\u00f3n por la cual Lifestyle es conocido! Nuestro portafolio de restaurantes incluye: Restautantes Gourmet, de Carnes &amp; Comida de Mar, as\u00ed como restaurantes de comida dominicana, de fusi\u00f3n asi\u00e1tica, de comida italiana y mexicana y una renombrada Churrascaria brasile\u00f1a. Esta es simplemente otra experiencia vacacional excepcional de Lifestyle.<\/p>\n<h4>Rep\u00fablica Dominicana:<\/h4>\n<p><strong>Lifestyle Holidays Vacation Resort \u2013 Puerto Plata incluye alojamiento en<\/strong>:<\/p>\n<ul>\n<li>The Tropical \u2022 The Crown Suites \u2022 The Residence Suites<\/li>\n<li>The Royal Suites \u2022 Presidential Suites \u2013 Puerto Plata \u2022 The Crown Villas<\/li>\n<li>The Royal Villas \u2022 Costa Esmeralda \u2022 Cofresi Palm Beach &amp; Spa Resort*<\/li>\n<li>Dream Suites \u2013 Costa Dorada**<\/li>\n<\/ul>\n<p>*Cofresi Palm Beach &amp; Spa Resort Habitaciones Familiares, \u2028Suites al lado del Mar, Habitaciones Residenciales, Penthouses con Vista al Mar<\/p>\n<p>**Luxury All-In Limitado[\/vc_column_text][\/vc_column][\/vc_row]<\/p>\n","protected":false},"excerpt":{"rendered":"<p>[vc_row][vc_column width=\u00bb1\/1&#8243;][vc_column_text el_class=\u00bbtransparent\u00bb][\/vc_column_text][\/vc_column][\/vc_row][vc_row][vc_column width=\u00bb1\/1&#8243;][\/vc_column][\/vc_row][vc_row][vc_column][vc_column_text el_class=\u00bbtransparent\u00bb] \u00bfESTA USTED EN TODO? \u00a1Este singular concepto est\u00e1 dise\u00f1ado para ofrecerle\u00a0todo lo que usted desear\u00eda que su membres\u00eda ofreciera! El concepto incluye: Cocina Fina, Amenidades e Instalaciones Exclusivas, Servicio Cordial&#8230;<\/p>\n","protected":false},"author":1,"featured_media":0,"parent":0,"menu_order":0,"comment_status":"closed","ping_status":"closed","template":"","meta":[],"class_list":["post-206","page","type-page","status-publish","hentry"],"_links":{"self":[{"href":"http:\/\/thetropical-lhvr.com\/es\/wp-json\/wp\/v2\/pages\/206","targetHints":{"allow":["GET"]}}],"collection":[{"href":"http:\/\/thetropical-lhvr.com\/es\/wp-json\/wp\/v2\/pages"}],"about":[{"href":"http:\/\/thetropical-lhvr.com\/es\/wp-json\/wp\/v2\/types\/page"}],"author":[{"embeddable":true,"href":"http:\/\/thetropical-lhvr.com\/es\/wp-json\/wp\/v2\/users\/1"}],"replies":[{"embeddable":true,"href":"http:\/\/thetropical-lhvr.com\/es\/wp-json\/wp\/v2\/comments?post=206"}],"version-history":[{"count":1,"href":"http:\/\/thetropical-lhvr.com\/es\/wp-json\/wp\/v2\/pages\/206\/revisions"}],"predecessor-version":[{"id":700,"href":"http:\/\/thetropical-lhvr.com\/es\/wp-json\/wp\/v2\/pages\/206\/revisions\/700"}],"wp:attachment":[{"href":"http:\/\/thetropical-lhvr.com\/es\/wp-json\/wp\/v2\/media?parent=206"}],"curies":[{"name":"wp","href":"https:\/\/api.w.org\/{rel}","templated":true}]}}