{"id":204,"date":"2015-01-15T03:03:46","date_gmt":"2015-01-15T03:03:46","guid":{"rendered":"http:\/\/thetropical-lhvr.com\/wordpress\/location-2\/"},"modified":"2015-05-14T17:23:38","modified_gmt":"2015-05-14T17:23:38","slug":"ubicacion","status":"publish","type":"page","link":"http:\/\/thetropical-lhvr.com\/es\/ubicacion\/","title":{"rendered":"Ubicaci\u00f3n"},"content":{"rendered":"<p>[vc_row][vc_column width=\u00bb1\/1&#8243;]  <div class=\"imageSlider\">\n  <img decoding=\"async\" src=\"http:\/\/thetropical-lhvr.com\/wp-content\/uploads\/2015\/05\/puertoplata_G1.jpg\"><img decoding=\"async\" src=\"http:\/\/thetropical-lhvr.com\/wp-content\/uploads\/2015\/05\/puertoplata_G3.jpg\"><img decoding=\"async\" src=\"http:\/\/thetropical-lhvr.com\/wp-content\/uploads\/2015\/05\/puertoplata_G6.jpg\"><img decoding=\"async\" src=\"http:\/\/thetropical-lhvr.com\/wp-content\/uploads\/2015\/05\/puertoplata_G7.jpg\"><img decoding=\"async\" src=\"http:\/\/thetropical-lhvr.com\/wp-content\/uploads\/2015\/05\/puertoplata_G8.jpg\"><img decoding=\"async\" src=\"http:\/\/thetropical-lhvr.com\/wp-content\/uploads\/2015\/05\/puertoplata_G9.jpg\"><img decoding=\"async\" src=\"http:\/\/thetropical-lhvr.com\/wp-content\/uploads\/2015\/05\/puertoplata_G10.jpg\"><img decoding=\"async\" src=\"http:\/\/thetropical-lhvr.com\/wp-content\/uploads\/2015\/05\/puertoplata_G11.jpg\"><img decoding=\"async\" src=\"http:\/\/thetropical-lhvr.com\/wp-content\/uploads\/2015\/05\/puertoplata_G12.jpg\"> \n    <span class=\"next\"><img decoding=\"async\" src=\"http:\/\/thetropical-lhvr.com\/wp-content\/themes\/lre\/images\/next.png\"><\/span>\n    <span class=\"prev\"><img decoding=\"async\" src=\"http:\/\/thetropical-lhvr.com\/wp-content\/themes\/lre\/images\/prev.png\"><\/span>\n    <a href=\"#\" class=\"playBtn\"><\/a>  <\/div><!-- imageSlider -->\n  <span class=\"pager\"><\/span>\n[\/vc_column][\/vc_row][vc_row][vc_column][vc_column_text el_class=\u00bbtransparent\u00bb]<\/p>\n<h2>Rep\u00fablica Dominicana<\/h2>\n<p>\u201cLa tierra m\u00e1s hermosa que sus ojos jam\u00e1s han visto\u2026\u201d \u2013 Crist\u00f3bal Col\u00f3n<\/p>\n<p>M\u00e1s all\u00e1 de playas acariciadas por el sol y un estilo vacacional descomplicado, la Rep\u00fablica Dominicana ofrece una historia rica y llena de vitalidad que mezcla a Europa con el Nuevo Mundo.<\/p>\n<p>En 1492, Crist\u00f3bal Col\u00f3n arrib\u00f3 en su carabela insignia La Santa Mar\u00eda,\u00a0a la\u00a0Costa Norte de La Isla Espa\u00f1ola, un para\u00edso que se convertir\u00eda en la Rep\u00fablica Dominicana.<\/p>\n<p>En 1496, su hermano, Bartolomeo Col\u00f3n, fund\u00f3 a Santo Domingo \u2013la primera ciudad oficial del Nuevo Mundo y hoy en d\u00eda la capital de este encantador pa\u00eds.<\/p>\n<p>Declarada Patrimonio Mundial por la UNESCO en 1990, la hist\u00f3rica Zona Colonial de la capital ofrece 100 cuadras al cuadrado de arquitectura Espa\u00f1ol-Colonial que data desde hace cinco siglos. De muchas maneras, la Rep\u00fablica Dominicana ofrece un paisaje de contrastes.<\/p>\n<p>Monta\u00f1as alpinas y r\u00e1pidos en los r\u00edos que forman abundante espuma blanca. Bosques tropicales frondosos que producen orqu\u00eddeas salvajes y buganvillas. Millas de playas primitivas salpicadas de palmas de coco. Y las sonrisas amigables y cari\u00f1osas de los habitantes multiculturales que llaman a este hermoso pa\u00eds \u201csu hogar\u201d. Por todo lo anterior, no es de extra\u00f1arse que los viajeros regresen a\u00f1o tras a\u00f1o tras a\u00f1o a la Rep\u00fablica Dominicana.<\/p>\n<hr \/>\n<h2>Puerto Plata<\/h2>\n<p>En la costa norte de la Rep\u00fablica Dominicana se encuentra la encantadora ciudad de Puerto Plata. Este secreto tan bien mantenido ha sido extra\u00eddo de la historia de Europa y del Nuevo Mundo que data del a\u00f1o 1502, cuando Nicol\u00e1s de Ovando estableci\u00f3 una flota comercial de barcos bajo la direcci\u00f3n de Crist\u00f3bal Col\u00f3n.<\/p>\n<p>Al pasar por el frente de la magn\u00edfica Torre Victoriana en el Parque de la Independencia, usted podr\u00e1 percibir el periodo cuando Puerto Plata era el puerto comercial m\u00e1s importante\u00a0del\u00a0Nuevo Mundo y la Fortaleza de San Felipe proteg\u00eda a la ciudad de los ataques de los piratas.<\/p>\n<p>La historia de este hermoso lugar es verdaderamente multicultural. Hace m\u00e1s de 1.000 a\u00f1os los Indios Arawak caminaban por las playas de color \u00e1mbar y cazaban en las monta\u00f1as en la cercan\u00eda. Algunos esclavos que se escaparon de Am\u00e9rica a menudo encontraban aqu\u00ed un refugio seguro. Alrededor de 1800, la llegada de campesinos agricultores de la cercana Cuba lanz\u00f3 la era agr\u00edcola de la ca\u00f1a de az\u00facar y del tabaco que a\u00fan persiste.<\/p>\n<p>Una hist\u00f3rica galer\u00eda en una mansi\u00f3n alberga el Museo de \u00c1mbar Dominicano, dedicado a la piedra nacional de la Rep\u00fablica Dominicana \u2013 el transl\u00facido \u00e1mbar. Un faro antiguo, recientemente restaurad, nos transporta a los d\u00edas de los masivos galeones espa\u00f1oles y de los barcos que llegaban del Nuevo Mundo. Pasee por las pintorescas calles en donde encontrar\u00e1 encantadoras galer\u00edas, tiendas de regalos y caf\u00e9s abrigados por mansiones victorianas.<\/p>\n<p>Ignorada por d\u00e9cadas, esta hermosa ciudad costera se est\u00e1 convirtiendo r\u00e1pidamente en un destino de alta demanda para los viajeros de ocio en todo el mundo.[\/vc_column_text][vc_separator color=\u00bbgrey\u00bb align=\u00bbalign_center\u00bb][vc_column_text el_class=\u00bbtransparent\u00bb]<\/p>\n<h4>LOCALIZADOR DE AEROPUERTOS<\/h4>\n<p><a href=\"http:\/\/the-royal-suites.com\/wp-content\/uploads\/2015\/01\/dom_rep_map.gif\"><img loading=\"lazy\" decoding=\"async\" class=\"alignnone size-full wp-image-37\" src=\"http:\/\/the-royal-suites.com\/wp-content\/uploads\/2015\/01\/dom_rep_map.gif\" alt=\"dom_rep_map\" width=\"500\" height=\"400\" \/><\/a><\/p>\n<p><strong>1\u00a0<\/strong>Aeropuerto Internacional de La Romana (LRM)<br \/>\n<strong>2\u00a0<\/strong>Aeropuerto Internacional de Punta Cana (PUJ)<br \/>\n<strong>3\u00a0<\/strong>Las Am\u00e9ricas (SDQ)<br \/>\n<strong>4<\/strong>\u00a0Aeropuerto Internacional El Catey, Saman\u00e1 (AZS)<br \/>\n<strong>5<\/strong>\u00a0Aeropuerto Internacional Gregorio Luper\u00f3n (POP)<br \/>\n<strong>6<\/strong>\u00a0Aeropuerto Internacional de Cibao (Aeropuerto Internacional de Santiago (STI)[\/vc_column_text][vc_separator color=\u00bbgrey\u00bb align=\u00bbalign_center\u00bb][vc_column_text el_class=\u00bbtransparent\u00bb]<\/p>\n<h3>Clima<\/h3>\n<table>\n<tbody>\n<tr>\n<td><\/td>\n<td><strong>Ene<\/strong><\/td>\n<td><strong>Feb<\/strong><\/td>\n<td><strong>Mar<\/strong><\/td>\n<td><strong>Abr<\/strong><\/td>\n<td><strong>May<\/strong><\/td>\n<td><strong>Jun<\/strong><\/td>\n<td><strong>Jul<\/strong><\/td>\n<td><strong>Ago<\/strong><\/td>\n<td><strong>Sept<\/strong><\/td>\n<td><strong>Oct<\/strong><\/td>\n<td><strong>Nov<\/strong><\/td>\n<td><strong>Dic<\/strong><\/td>\n<\/tr>\n<tr>\n<td>Temp. Prom. Baja \u00b0F<\/td>\n<td>68<\/td>\n<td>67<\/td>\n<td>68<\/td>\n<td>71<\/td>\n<td>72<\/td>\n<td>74<\/td>\n<td>74<\/td>\n<td>74<\/td>\n<td>74<\/td>\n<td>73<\/td>\n<td>71<\/td>\n<td>69<\/td>\n<\/tr>\n<tr>\n<td>Temp. Prom. Alta \u00b0F<\/td>\n<td>83<\/td>\n<td>83<\/td>\n<td>85<\/td>\n<td>86<\/td>\n<td>88<\/td>\n<td>90<\/td>\n<td>91<\/td>\n<td>92<\/td>\n<td>91<\/td>\n<td>89<\/td>\n<td>86<\/td>\n<td>85<\/td>\n<\/tr>\n<\/tbody>\n<\/table>\n<p>[\/vc_column_text][\/vc_column][\/vc_row]<\/p>\n","protected":false},"excerpt":{"rendered":"<p>[vc_row][vc_column width=\u00bb1\/1&#8243;][\/vc_column][\/vc_row][vc_row][vc_column][vc_column_text el_class=\u00bbtransparent\u00bb] Rep\u00fablica Dominicana \u201cLa tierra m\u00e1s hermosa que sus ojos jam\u00e1s han visto\u2026\u201d \u2013 Crist\u00f3bal Col\u00f3n M\u00e1s all\u00e1 de playas acariciadas por el sol y un estilo vacacional descomplicado, la Rep\u00fablica Dominicana ofrece&#8230;<\/p>\n","protected":false},"author":1,"featured_media":0,"parent":0,"menu_order":0,"comment_status":"closed","ping_status":"closed","template":"","meta":[],"class_list":["post-204","page","type-page","status-publish","hentry"],"_links":{"self":[{"href":"http:\/\/thetropical-lhvr.com\/es\/wp-json\/wp\/v2\/pages\/204","targetHints":{"allow":["GET"]}}],"collection":[{"href":"http:\/\/thetropical-lhvr.com\/es\/wp-json\/wp\/v2\/pages"}],"about":[{"href":"http:\/\/thetropical-lhvr.com\/es\/wp-json\/wp\/v2\/types\/page"}],"author":[{"embeddable":true,"href":"http:\/\/thetropical-lhvr.com\/es\/wp-json\/wp\/v2\/users\/1"}],"replies":[{"embeddable":true,"href":"http:\/\/thetropical-lhvr.com\/es\/wp-json\/wp\/v2\/comments?post=204"}],"version-history":[{"count":1,"href":"http:\/\/thetropical-lhvr.com\/es\/wp-json\/wp\/v2\/pages\/204\/revisions"}],"predecessor-version":[{"id":681,"href":"http:\/\/thetropical-lhvr.com\/es\/wp-json\/wp\/v2\/pages\/204\/revisions\/681"}],"wp:attachment":[{"href":"http:\/\/thetropical-lhvr.com\/es\/wp-json\/wp\/v2\/media?parent=204"}],"curies":[{"name":"wp","href":"https:\/\/api.w.org\/{rel}","templated":true}]}}