{"id":199,"date":"2015-04-03T14:08:26","date_gmt":"2015-04-03T14:08:26","guid":{"rendered":"http:\/\/thetropical-lhvr.com\/wordpress\/services-facilities-2\/"},"modified":"2015-05-14T17:21:51","modified_gmt":"2015-05-14T17:21:51","slug":"servicios-y-comodidades","status":"publish","type":"page","link":"http:\/\/thetropical-lhvr.com\/es\/servicios-y-comodidades\/","title":{"rendered":"Servicios Y Comodidades"},"content":{"rendered":"<p>[vc_row][vc_column width=\u00bb1\/1&#8243;]  <div class=\"imageSlider\">\n  <img decoding=\"async\" src=\"http:\/\/thetropical-lhvr.com\/wp-content\/uploads\/2015\/04\/2013-Casablanca5.jpg\"><img decoding=\"async\" src=\"http:\/\/thetropical-lhvr.com\/wp-content\/uploads\/2015\/04\/2013-Indochine_06.jpg\"><img decoding=\"async\" src=\"http:\/\/thetropical-lhvr.com\/wp-content\/uploads\/2015\/04\/2013-acitivities-services.jpg\"><img decoding=\"async\" src=\"http:\/\/thetropical-lhvr.com\/wp-content\/uploads\/2015\/04\/2013-Service-Staff_070.jpg\"><img decoding=\"async\" src=\"http:\/\/thetropical-lhvr.com\/wp-content\/uploads\/2015\/04\/2013-Service-Staff_101.jpg\"><img decoding=\"async\" src=\"http:\/\/thetropical-lhvr.com\/wp-content\/uploads\/2015\/04\/2013-VIP-Transportation_51.jpg\"><img decoding=\"async\" src=\"http:\/\/thetropical-lhvr.com\/wp-content\/uploads\/2015\/05\/2014-PSPP_7.jpg\"><img decoding=\"async\" src=\"http:\/\/thetropical-lhvr.com\/wp-content\/uploads\/2015\/04\/2014-Sunday-Welcome-Party_3.jpg\"><img decoding=\"async\" src=\"http:\/\/thetropical-lhvr.com\/wp-content\/uploads\/2015\/04\/2014-Sunday-Welcome-Party_5.jpg\"><img decoding=\"async\" src=\"http:\/\/thetropical-lhvr.com\/wp-content\/uploads\/2015\/04\/2014-Sunday-Welcome-Party_10.jpg\"><img decoding=\"async\" src=\"http:\/\/thetropical-lhvr.com\/wp-content\/uploads\/2015\/04\/2014-Sunday-Welcome-Party_11.jpg\"><img decoding=\"async\" src=\"http:\/\/thetropical-lhvr.com\/wp-content\/uploads\/2015\/05\/2014-Tropical_71.jpg\"><img decoding=\"async\" src=\"http:\/\/thetropical-lhvr.com\/wp-content\/uploads\/2015\/05\/2014-VIP-Beach01.jpg\"><img decoding=\"async\" src=\"http:\/\/thetropical-lhvr.com\/wp-content\/uploads\/2015\/05\/2014-VIP-Beach03.jpg\"><img decoding=\"async\" src=\"http:\/\/thetropical-lhvr.com\/wp-content\/uploads\/2015\/04\/2014-VIP-Transportation_04.jpg\"><img decoding=\"async\" src=\"http:\/\/thetropical-lhvr.com\/wp-content\/uploads\/2015\/04\/2014-Yin-Yang-Spa_5.jpg\"><img decoding=\"async\" src=\"http:\/\/thetropical-lhvr.com\/wp-content\/uploads\/2015\/04\/ICE-DJ-Ricardo-Herrera2.jpg\"><img decoding=\"async\" src=\"http:\/\/thetropical-lhvr.com\/wp-content\/uploads\/2015\/04\/Kids-Club-LHVC03.jpg\"> \n    <span class=\"next\"><img decoding=\"async\" src=\"http:\/\/thetropical-lhvr.com\/wp-content\/themes\/lre\/images\/next.png\"><\/span>\n    <span class=\"prev\"><img decoding=\"async\" src=\"http:\/\/thetropical-lhvr.com\/wp-content\/themes\/lre\/images\/prev.png\"><\/span>\n    <a href=\"#\" class=\"playBtn\"><\/a>  <\/div><!-- imageSlider -->\n  <span class=\"pager\"><\/span>\n[\/vc_column][\/vc_row][vc_row][vc_column width=\u00bb1\/2&#8243;][vc_column_text el_class=\u00bbtransparent\u00bb]<\/p>\n<h2>Servicios<\/h2>\n<ul>\n<li>Servicio de habitaciones<\/li>\n<li>Servicio de mucama diario<\/li>\n<li>Servicios de Planificaci\u00f3n de\u00a0 Excursiones<\/li>\n<li>Coordinaci\u00f3n de \u00a0boda<\/li>\n<li>Cuidado Infantil Diario<\/li>\n<li>Servicios de cuidado de ni\u00f1os (se requiere reservaci\u00f3n)<\/li>\n<li>Servicio de lavander\u00eda<\/li>\n<li>Servicios M\u00e9dicos en las instalaciones las 24 horas<\/li>\n<li>Servicios de transporte<\/li>\n<li>Servicio de botones<\/li>\n<\/ul>\n<hr \/>\n<h2>Comodidades<\/h2>\n<ul>\n<li>18 restaurantes<\/li>\n<li>11 Bares de Refrigerios livianos<\/li>\n<li>28 bares<\/li>\n<li>12+ piscinas incluyendo \u00e1reas de piscina exclusiva\u00a0 para ni\u00f1os<\/li>\n<li>7 Playas<\/li>\n<li>Discoteca<\/li>\n<li>2 Spas<\/li>\n<li>2 clubes infantiles con servicio diario de cuidado de ni\u00f1os<\/li>\n<li>Canchas de tenis<\/li>\n<li>Cancha de baloncesto<\/li>\n<li>Cancha de voleibol en la playa<\/li>\n<li>Club de Salud<\/li>\n<li>2 gimnasios con equipo de ejercicio<\/li>\n<li>2 Centros de entretenimiento<\/li>\n<li>Centro de conferencias y salas de reuniones<\/li>\n<li>Recinto para bodas<\/li>\n<li>Zonas comerciales, incluyendo mercado de artesan\u00edas<\/li>\n<li>Cl\u00ednica M\u00e9dica<\/li>\n<li>Farmacia<\/li>\n<li>Tienda de Regalos con Logotipos<\/li>\n<li>Escuelas de Buceo (Certificadas por\u00a0 PADI)<\/li>\n<li>Juego de ajedrez de tama\u00f1o real<\/li>\n<li>Zona de juegos<\/li>\n<li>Helipuerto<\/li>\n<li>Centro de Excursiones (V.I.P World y The Tropical)<\/li>\n<li>Alquiler de coche<\/li>\n<li>Sinagoga<\/li>\n<li>y mucho m\u00e1s &#8230;<\/li>\n<\/ul>\n<p>[\/vc_column_text][\/vc_column][vc_column width=\u00bb1\/2&#8243;][vc_column_text el_class=\u00bbtransparent\u00bb]<\/p>\n<h2>Yin Yang Spa<\/h2>\n<p>Creado con la energ\u00eda m\u00edstica de un templo asi\u00e1tico en mente, Yin Yang se extiende por el mundo para traerle la mejor de las t\u00e9cnicas de masajes de estilo oriental, mezcladas con la calidez de la cultura caribe\u00f1a, proporcionando una \u00a0experiencia \u00fanica de indulgencia y relajaci\u00f3n. Esta instalaci\u00f3n\u00a0atiende las necesidades de hombres y mujeres y cuenta con ducha, sauna \u00a0e \u00a0instalaciones de club de\u00a0salud\u00a0y bienestar.<\/p>\n<p>Una gama completa de servicios est\u00e1 disponible aqu\u00ed, incluyendo: varias opciones de masajes corporales y para los pies, faciales, cuidado de u\u00f1as y del cabello, aromaterapia y m\u00e1s&#8230;<\/p>\n<hr \/>\n<h2>Discoteca y Acontecimientos<\/h2>\n<p>\u00a1Cuando se pone el sol, el complejo despierta con el divertido entretenimiento en vivo todas las noches, as\u00ed que nunca tiene que salir del resort! \u00a1Es hora de comenzar a divertirse! A poca distancia a pie los socios tienen un gran lugar para bailar toda la noche con m\u00fasica emocionante que le incrementar\u00e1 el pulso y luces el\u00e9ctricas que le garantizar\u00e1n poner su cuerpo en movimiento!<\/p>\n<p>La Discoteca ICE en la propiedad, trae el estilo individual a la caza sin edad de la vida nocturna con un ambiente creado para ayudarle a encontrar lo que le hace feliz. \u00a1Esta es la nueva forma de divertirse!<\/p>\n<hr \/>\n<h2>Entretenimineto<\/h2>\n<p>\u00bfBusca un espect\u00e1culo, una canci\u00f3n o un baile y tal vez una carcajada o dos? Con dos complejos de entretenimiento en la propiedad, experimentar innumerables diversiones no es un problema.<\/p>\n<p>The Colosseum es un gran escenario al aire libre con varias representaciones teatrales, mientras el teatro Lights, Camera, Action es una facilidad interior m\u00e1s \u00edntima; sin embargo, ambos sitios se dedican a su diversi\u00f3n.[\/vc_column_text][\/vc_column][\/vc_row]<\/p>\n","protected":false},"excerpt":{"rendered":"<p>[vc_row][vc_column width=\u00bb1\/1&#8243;][\/vc_column][\/vc_row][vc_row][vc_column width=\u00bb1\/2&#8243;][vc_column_text el_class=\u00bbtransparent\u00bb] Servicios Servicio de habitaciones Servicio de mucama diario Servicios de Planificaci\u00f3n de\u00a0 Excursiones Coordinaci\u00f3n de \u00a0boda Cuidado Infantil Diario Servicios de cuidado de ni\u00f1os (se requiere reservaci\u00f3n) Servicio de lavander\u00eda Servicios&#8230;<\/p>\n","protected":false},"author":1,"featured_media":0,"parent":0,"menu_order":0,"comment_status":"closed","ping_status":"closed","template":"","meta":[],"class_list":["post-199","page","type-page","status-publish","hentry"],"_links":{"self":[{"href":"http:\/\/thetropical-lhvr.com\/es\/wp-json\/wp\/v2\/pages\/199","targetHints":{"allow":["GET"]}}],"collection":[{"href":"http:\/\/thetropical-lhvr.com\/es\/wp-json\/wp\/v2\/pages"}],"about":[{"href":"http:\/\/thetropical-lhvr.com\/es\/wp-json\/wp\/v2\/types\/page"}],"author":[{"embeddable":true,"href":"http:\/\/thetropical-lhvr.com\/es\/wp-json\/wp\/v2\/users\/1"}],"replies":[{"embeddable":true,"href":"http:\/\/thetropical-lhvr.com\/es\/wp-json\/wp\/v2\/comments?post=199"}],"version-history":[{"count":1,"href":"http:\/\/thetropical-lhvr.com\/es\/wp-json\/wp\/v2\/pages\/199\/revisions"}],"predecessor-version":[{"id":680,"href":"http:\/\/thetropical-lhvr.com\/es\/wp-json\/wp\/v2\/pages\/199\/revisions\/680"}],"wp:attachment":[{"href":"http:\/\/thetropical-lhvr.com\/es\/wp-json\/wp\/v2\/media?parent=199"}],"curies":[{"name":"wp","href":"https:\/\/api.w.org\/{rel}","templated":true}]}}