{"id":198,"date":"2015-04-03T14:08:37","date_gmt":"2015-04-03T14:08:37","guid":{"rendered":"http:\/\/thetropical-lhvr.com\/wordpress\/beaches-pools-2\/"},"modified":"2015-05-14T07:40:47","modified_gmt":"2015-05-14T07:40:47","slug":"playas-y-piscinas","status":"publish","type":"page","link":"http:\/\/thetropical-lhvr.com\/es\/playas-y-piscinas\/","title":{"rendered":"Playas Y Piscinas"},"content":{"rendered":"<p>[vc_row][vc_column width=\u00bb1\/1&#8243;]  <div class=\"imageSlider\">\n  <img decoding=\"async\" src=\"http:\/\/thetropical-lhvr.com\/wp-content\/uploads\/2015\/05\/V.I.P-Beach_G31.jpg\"><img decoding=\"async\" src=\"http:\/\/thetropical-lhvr.com\/wp-content\/uploads\/2015\/05\/V.I.P-Beach_G41.jpg\"><img decoding=\"async\" src=\"http:\/\/thetropical-lhvr.com\/wp-content\/uploads\/2015\/05\/V.I.P-Beach_G101.jpg\"><img decoding=\"async\" src=\"http:\/\/thetropical-lhvr.com\/wp-content\/uploads\/2015\/05\/V.I.P-Beach_G111.jpg\"><img decoding=\"async\" src=\"http:\/\/thetropical-lhvr.com\/wp-content\/uploads\/2015\/05\/V.I.P-Beach_G121.jpg\"><img decoding=\"async\" src=\"http:\/\/thetropical-lhvr.com\/wp-content\/uploads\/2015\/05\/2013-Residence-Suites_141.jpg\"><img decoding=\"async\" src=\"http:\/\/thetropical-lhvr.com\/wp-content\/uploads\/2015\/05\/2013-Residence-Suites-17_16combo1.jpg\"><img decoding=\"async\" src=\"http:\/\/thetropical-lhvr.com\/wp-content\/uploads\/2015\/05\/2013-Tropical_641.jpg\"><img decoding=\"async\" src=\"http:\/\/thetropical-lhvr.com\/wp-content\/uploads\/2015\/05\/2013-VIP-Pool_161.jpg\"><img decoding=\"async\" src=\"http:\/\/thetropical-lhvr.com\/wp-content\/uploads\/2015\/05\/2013-VIP-Pool_211.jpg\"><img decoding=\"async\" src=\"http:\/\/thetropical-lhvr.com\/wp-content\/uploads\/2015\/05\/2013-VIP-Pool_271.jpg\"><img decoding=\"async\" src=\"http:\/\/thetropical-lhvr.com\/wp-content\/uploads\/2015\/05\/2013-VIP-Pool_361.jpg\"><img decoding=\"async\" src=\"http:\/\/thetropical-lhvr.com\/wp-content\/uploads\/2015\/05\/2013-VIP-Pool_841.jpg\"><img decoding=\"async\" src=\"http:\/\/thetropical-lhvr.com\/wp-content\/uploads\/2015\/05\/2014-CPR_Pool_151.jpg\"><img decoding=\"async\" src=\"http:\/\/thetropical-lhvr.com\/wp-content\/uploads\/2015\/05\/2014-PSPP_61.jpg\"><img decoding=\"async\" src=\"http:\/\/thetropical-lhvr.com\/wp-content\/uploads\/2015\/05\/2014-Residence-Suites-Pool-Area2.jpg\"><img decoding=\"async\" src=\"http:\/\/thetropical-lhvr.com\/wp-content\/uploads\/2015\/05\/2014-Residence-Suites-Pool-Area11.jpg\"><img decoding=\"async\" src=\"http:\/\/thetropical-lhvr.com\/wp-content\/uploads\/2015\/05\/2014-Royal-Suites_051.jpg\"><img decoding=\"async\" src=\"http:\/\/thetropical-lhvr.com\/wp-content\/uploads\/2015\/05\/2014-Royal-Suites_111.jpg\"><img decoding=\"async\" src=\"http:\/\/thetropical-lhvr.com\/wp-content\/uploads\/2015\/05\/2014-Tropical_71.jpg\"> \n    <span class=\"next\"><img decoding=\"async\" src=\"http:\/\/thetropical-lhvr.com\/wp-content\/themes\/lre\/images\/next.png\"><\/span>\n    <span class=\"prev\"><img decoding=\"async\" src=\"http:\/\/thetropical-lhvr.com\/wp-content\/themes\/lre\/images\/prev.png\"><\/span>\n    <a href=\"#\" class=\"playBtn\"><\/a>  <\/div><!-- imageSlider -->\n  <span class=\"pager\"><\/span>\n[\/vc_column][\/vc_row][vc_row][vc_column][vc_column_text el_class=\u00bbtransparent\u00bb]<\/p>\n<h2>Playas<\/h2>\n<p>Las playas en la Rep\u00fablica Dominicana son extensas, espectaculares y reconocidas como parte del atractivo del Caribe para los hu\u00e9spedes. Cofres\u00ed Beach no es diferente. \u00a1Con las olas c\u00e1lidas del mar Caribe, la arena suave y fina y las c\u00f3modas tumbonas, Cofres\u00ed Beach en la Rep\u00fablica Dominicana es un para\u00edso para los amantes del sol!<\/p>\n<hr \/>\n<h2>\u00a1Piscinas, Piscinas y M\u00e1s Piscinas!<\/h2>\n<p>Con m\u00e1s de 12 piscinas p\u00fablicas ubicadas estrat\u00e9gicamente en todo el complejo y creativamente dise\u00f1adas, usted nunca se quedar\u00e1 sin opciones. Si su deseo es un oasis de tranquilidad para tomar el sol y leer, o un ambiente m\u00e1s bullicioso para zambullirse y jugar, este complejo cuenta con todas las opciones.[\/vc_column_text][\/vc_column][\/vc_row]<\/p>\n","protected":false},"excerpt":{"rendered":"<p>[vc_row][vc_column width=\u00bb1\/1&#8243;][\/vc_column][\/vc_row][vc_row][vc_column][vc_column_text el_class=\u00bbtransparent\u00bb] Playas Las playas en la Rep\u00fablica Dominicana son extensas, espectaculares y reconocidas como parte del atractivo del Caribe para los hu\u00e9spedes. Cofres\u00ed Beach no es diferente. \u00a1Con las olas c\u00e1lidas del mar&#8230;<\/p>\n","protected":false},"author":1,"featured_media":0,"parent":0,"menu_order":0,"comment_status":"closed","ping_status":"closed","template":"","meta":[],"class_list":["post-198","page","type-page","status-publish","hentry"],"_links":{"self":[{"href":"http:\/\/thetropical-lhvr.com\/es\/wp-json\/wp\/v2\/pages\/198","targetHints":{"allow":["GET"]}}],"collection":[{"href":"http:\/\/thetropical-lhvr.com\/es\/wp-json\/wp\/v2\/pages"}],"about":[{"href":"http:\/\/thetropical-lhvr.com\/es\/wp-json\/wp\/v2\/types\/page"}],"author":[{"embeddable":true,"href":"http:\/\/thetropical-lhvr.com\/es\/wp-json\/wp\/v2\/users\/1"}],"replies":[{"embeddable":true,"href":"http:\/\/thetropical-lhvr.com\/es\/wp-json\/wp\/v2\/comments?post=198"}],"version-history":[{"count":1,"href":"http:\/\/thetropical-lhvr.com\/es\/wp-json\/wp\/v2\/pages\/198\/revisions"}],"predecessor-version":[{"id":673,"href":"http:\/\/thetropical-lhvr.com\/es\/wp-json\/wp\/v2\/pages\/198\/revisions\/673"}],"wp:attachment":[{"href":"http:\/\/thetropical-lhvr.com\/es\/wp-json\/wp\/v2\/media?parent=198"}],"curies":[{"name":"wp","href":"https:\/\/api.w.org\/{rel}","templated":true}]}}